{"id":328,"date":"2024-11-29T14:52:47","date_gmt":"2024-11-29T14:52:47","guid":{"rendered":"https:\/\/smart-tree.com\/?page_id=328"},"modified":"2025-10-10T08:59:20","modified_gmt":"2025-10-10T08:59:20","slug":"legal-information","status":"publish","type":"page","link":"https:\/\/smart-tree.com\/en\/mentions-legales\/","title":{"rendered":"Legal information"},"content":{"rendered":"<h1 class=\"wp-block-heading\"><\/h1>\n\n\n\n<div id=\"mentions-legales\" class=\"wp-block-uagb-container mentions-legales uagb-block-50d312fe alignfull uagb-is-root-container\"><div class=\"uagb-container-inner-blocks-wrap\">\n<div class=\"wp-block-uagb-container uagb-block-77bdd4e9\">\n<div class=\"wp-block-uagb-advanced-heading uagb-block-fff7521a\"><h1 class=\"uagb-heading-text\">Legal information<\/h1><\/div>\n\n\n\n<div class=\"wp-block-uagb-advanced-heading uagb-block-c04bff61\"><h2 class=\"uagb-heading-text\"><strong>Presentation of the website<\/strong><\/h2><\/div>\n\n\n\n<div class=\"wp-block-uagb-advanced-heading uagb-block-2f779a73\"><p class=\"uagb-heading-text\">Pursuant to Article 6 of French Law no. 2004-575 of 21 June 2004 on confidence in the digital economy, users of the website are hereby informed that&nbsp;<a href=\"https:\/\/smart-tree.com\/en\/\">https:\/\/www.smart-tree.com\/<\/a>&nbsp;(hereinafter referred to as the \"Site\") the identity of the various parties involved in its creation and monitoring:<\/p><\/div>\n<\/div>\n\n\n\n<div class=\"wp-block-uagb-container uagb-block-acecfd37\">\n<div class=\"wp-block-uagb-advanced-heading uagb-block-027d35e3\"><h2 class=\"uagb-heading-text\"><strong><strong><strong>Website editor<\/strong><\/strong><\/strong><\/h2><\/div>\n\n\n\n<div class=\"wp-block-uagb-advanced-heading uagb-block-fb841d1c\"><p class=\"uagb-heading-text\"><strong>Smart Tree<\/strong><\/p><\/div>\n\n\n\n<div class=\"wp-block-uagb-advanced-heading uagb-block-5ad1cac2\"><p class=\"uagb-heading-text\">130, rue de la Libert\u00e9 60320 Saint-Sauveur, France<br>Tel: 03 44 85 51 00<br>Fax: 03 44 40 65 06<br>Mail :contact@smart-tree.com<\/p><\/div>\n<\/div>\n\n\n\n<div class=\"wp-block-uagb-container uagb-block-90f0aa0e\">\n<div class=\"wp-block-uagb-advanced-heading uagb-block-9cec41c0\"><h2 class=\"uagb-heading-text\"><strong><strong><strong><strong>Direction of publication<\/strong><\/strong><\/strong><\/strong><\/h2><\/div>\n\n\n\n<div class=\"wp-block-uagb-advanced-heading uagb-block-759b18e2\"><p class=\"uagb-heading-text\">The personal data collected about you is based on your consent. You may withdraw your consent under the terms of this privacy policy, which you accept when you enter your data.<\/p><\/div>\n<\/div>\n\n\n\n<div class=\"wp-block-uagb-container uagb-block-a1b14266\">\n<div class=\"wp-block-uagb-advanced-heading uagb-block-f719e363\"><h2 class=\"uagb-heading-text\"><strong><strong><strong><strong><strong>Responsible for publication<\/strong><\/strong><\/strong><\/strong><\/strong><\/h2><\/div>\n\n\n\n<div class=\"wp-block-uagb-advanced-heading uagb-block-58d09ced\"><p class=\"uagb-heading-text\">All the information we collect is for our personal use only.<\/p><\/div>\n<\/div>\n\n\n\n<div class=\"wp-block-uagb-container uagb-block-ab8714db\">\n<div class=\"wp-block-uagb-advanced-heading uagb-block-dead62d0\"><h2 class=\"uagb-heading-text\"><strong><strong><strong><strong><strong><strong>Design and production<\/strong><\/strong><\/strong><\/strong><\/strong><\/strong><\/h2><\/div>\n\n\n\n<div class=\"wp-block-uagb-advanced-heading uagb-block-843f3826\"><p class=\"uagb-heading-text\">Digital agency&nbsp;<a href=\"https:\/\/www.mentalworks.fr\/\" target=\"_blank\" rel=\"noreferrer noopener\">Mentalworks<\/a>.<\/p><\/div>\n<\/div>\n\n\n\n<div class=\"wp-block-uagb-container uagb-block-235ef032\">\n<div class=\"wp-block-uagb-advanced-heading uagb-block-592cddab\"><h2 class=\"uagb-heading-text\"><strong><strong><strong><strong><strong><strong><strong><strong><strong><strong><strong><strong><strong>Host<\/strong><\/strong><\/strong><\/strong><\/strong><\/strong><\/strong><\/strong><\/strong><\/strong><\/strong><\/strong><\/strong><\/h2><\/div>\n\n\n\n<div class=\"wp-block-uagb-advanced-heading uagb-block-1b7fdaaf\"><p class=\"uagb-heading-text\">o2switch<br>Hereinafter referred to as the \"Host\".<\/p><\/div>\n<\/div>\n\n\n\n<div class=\"wp-block-uagb-container uagb-block-1d259cfa\">\n<div class=\"wp-block-uagb-advanced-heading uagb-block-f324c08d\"><h2 class=\"uagb-heading-text\"><strong><strong><strong><strong><strong><strong>General terms and conditions of use of the site and the services offered<\/strong><\/strong><\/strong><\/strong><\/strong><\/strong><\/h2><\/div>\n\n\n\n<div class=\"wp-block-uagb-advanced-heading uagb-block-542969a6\"><p class=\"uagb-heading-text\">The Site constitutes an intellectual work protected by the provisions of the French Intellectual Property Code and applicable international regulations. The User may not in any way reuse, transfer or exploit on his own account all or part of the elements or works on the Site.<\/p><\/div>\n\n\n\n<div class=\"wp-block-uagb-advanced-heading uagb-block-734eea82\"><p class=\"uagb-heading-text\">Use of the Site implies full acceptance of the general conditions of use described below. These conditions of use may be amended or supplemented at any time, and users of the Site are therefore advised to consult them regularly.<\/p><\/div>\n\n\n\n<div class=\"wp-block-uagb-advanced-heading uagb-block-056efb1a\"><p class=\"uagb-heading-text\">This website is normally accessible to users at all times. However, the Site Editor may decide to interrupt the site for technical maintenance purposes, in which case the Site Editor will endeavour to inform users of the dates and times of the intervention in advance. The Site Editor updates the Site regularly. Similarly, the legal notices may be modified at any time: they are nevertheless binding on the user, who is invited to refer to them as often as possible in order to read them.<\/p><\/div>\n<\/div>\n\n\n\n<div class=\"wp-block-uagb-container uagb-block-32a24fac\">\n<div class=\"wp-block-uagb-advanced-heading uagb-block-9e0a1453\"><h2 class=\"uagb-heading-text\"><strong><strong><strong><strong><strong><strong><strong>Description of services provided<\/strong><\/strong><\/strong><\/strong><\/strong><\/strong><\/strong><\/h2><\/div>\n\n\n\n<div class=\"wp-block-uagb-advanced-heading uagb-block-94ad531d\"><p class=\"uagb-heading-text\">The purpose of the Website is to provide information about all of the company's activities. The Site Editor endeavours to provide information on the Site that is as accurate as possible.<\/p><\/div>\n\n\n\n<div class=\"wp-block-uagb-advanced-heading uagb-block-77111e96\"><p class=\"uagb-heading-text\">However, it cannot be held responsible for any omissions, inaccuracies or failure to update information, whether due to its own fault or that of third-party partners who provide it with this information.<\/p><\/div>\n\n\n\n<div class=\"wp-block-uagb-advanced-heading uagb-block-f837f0f4\"><p class=\"uagb-heading-text\">All information on the Website is given for information only and is subject to change. Furthermore, the information on the Website is not exhaustive. It is subject to any changes that may have been made since it was put online.<\/p><\/div>\n<\/div>\n\n\n\n<div class=\"wp-block-uagb-container uagb-block-6c1276f0\">\n<div class=\"wp-block-uagb-advanced-heading uagb-block-d47e4f43\"><h2 class=\"uagb-heading-text\"><strong><strong><strong><strong><strong><strong><strong><strong>Contractual limitations on technical data<\/strong><\/strong><\/strong><\/strong><\/strong><\/strong><\/strong><\/strong><\/h2><\/div>\n\n\n\n<div class=\"wp-block-uagb-advanced-heading uagb-block-35ba328b\"><p class=\"uagb-heading-text\">The Site uses JavaScript technology. The Site Editor may not be held liable for any material damage arising from use of the Site. Furthermore, the user of the site undertakes to access the Site using recent, virus-free equipment and with an up-to-date, latest-generation browser.<\/p><\/div>\n\n\n\n<div class=\"wp-block-uagb-advanced-heading uagb-block-badec7f4\"><p class=\"uagb-heading-text\">The Website is hosted by a service provider in the European Union in accordance with the provisions of the General Data Protection Regulation (RGPD: no. 2016-679). The aim is to provide a service that ensures the highest level of accessibility. The Host ensures the continuity of its service 24 hours a day, every day of the year. However, it reserves the right to interrupt the hosting service for the shortest possible period of time, in particular for maintenance purposes, to improve its infrastructures, in the event of infrastructure failure or if the Services generate traffic deemed to be abnormal.<\/p><\/div>\n\n\n\n<div class=\"wp-block-uagb-advanced-heading uagb-block-d43988bd\"><p class=\"uagb-heading-text\">The Site Editor and the Host may not be held liable in the event of malfunction of the Internet network, telephone lines or computer and telephony equipment, particularly in the event of network congestion preventing access to the server.<\/p><\/div>\n<\/div>\n\n\n\n<div class=\"wp-block-uagb-container uagb-block-2cdcf5f3\">\n<div class=\"wp-block-uagb-advanced-heading uagb-block-2a2e0fdc\"><h2 class=\"uagb-heading-text\"><strong><strong><strong><strong><strong><strong><strong><strong><strong>P<\/strong>ntellectual property and counterfeiting<\/strong><\/strong><\/strong><\/strong><\/strong><\/strong><\/strong><\/strong><\/h2><\/div>\n\n\n\n<div class=\"wp-block-uagb-advanced-heading uagb-block-46bcdc05\"><p class=\"uagb-heading-text\">The Site Editor is the owner of the intellectual property rights and holds the rights of use on all the elements accessible on the website, in particular the texts, images, graphics, logos, videos, icons and sounds. Any reproduction, representation, modification, publication, adaptation of all or part of the elements of the site, whatever the means or process used, is prohibited, except with the prior written authorisation of the Site Editor.<\/p><\/div>\n\n\n\n<div class=\"wp-block-uagb-advanced-heading uagb-block-e8ad5e85\"><p class=\"uagb-heading-text\">Any unauthorised use of the Site or of any of the elements it contains will be considered to constitute an infringement and will be prosecuted in accordance with the provisions of articles L.335-2 et seq. of the French Intellectual Property Code.<\/p><\/div>\n<\/div>\n\n\n\n<div class=\"wp-block-uagb-container uagb-block-09aaa277\">\n<div class=\"wp-block-uagb-advanced-heading uagb-block-ab7991f6\"><h2 class=\"uagb-heading-text\"><strong><strong><strong><strong><strong><strong><strong><strong><strong><strong>L<\/strong>imitations of liability<\/strong><\/strong><\/strong><\/strong><\/strong><\/strong><\/strong><\/strong><\/strong><\/h2><\/div>\n\n\n\n<div class=\"wp-block-uagb-advanced-heading uagb-block-eaf122d4\"><p class=\"uagb-heading-text\">The Local Authority acting as Site Editor is responsible for the quality and accuracy of the content it publishes.<\/p><\/div>\n\n\n\n<div class=\"wp-block-uagb-advanced-heading uagb-block-1732a9cb\"><p class=\"uagb-heading-text\">The Site Editor may not be held liable for any direct or indirect damage caused to the user's equipment when accessing the Site, resulting either from the use of equipment that does not meet the specifications indicated above, or from the appearance of a bug or incompatibility.<\/p><\/div>\n\n\n\n<div class=\"wp-block-uagb-advanced-heading uagb-block-f4967713\"><p class=\"uagb-heading-text\">The Site Editor may not be held liable for any indirect damage (such as loss of market or loss of opportunity) resulting from the use of the Site. Interactive areas (possibility to ask questions in the contact area) are available to users.<\/p><\/div>\n\n\n\n<div class=\"wp-block-uagb-advanced-heading uagb-block-a2a46e81\"><p class=\"uagb-heading-text\">The Site Editor reserves the right to delete, without prior notice, any content posted in this space that contravenes the legislation applicable in France, in particular the provisions relating to data protection. Where applicable, the Site Editor also reserves the right to hold the user civilly and\/or criminally liable, particularly in the event of messages of a racist, insulting, defamatory or pornographic nature, whatever the medium used (text, photographs, etc.).<\/p><\/div>\n<\/div>\n\n\n\n<div class=\"wp-block-uagb-container uagb-block-df7a5e42\">\n<div class=\"wp-block-uagb-advanced-heading uagb-block-ca2d4874\"><h2 class=\"uagb-heading-text\"><strong><strong><strong><strong><strong><strong><strong><strong><strong><strong>Applicable law and jurisdiction<\/strong><\/strong><\/strong><\/strong><\/strong><\/strong><\/strong><\/strong><\/strong><\/strong><\/h2><\/div>\n\n\n\n<div class=\"wp-block-uagb-advanced-heading uagb-block-3725114b\"><p class=\"uagb-heading-text\">Any dispute arising in connection with the use of the Site is subject to French law. Except in cases where the law does not allow it, exclusive jurisdiction is given to the competent courts.<\/p><\/div>\n<\/div>\n<\/div><\/div>","protected":false},"excerpt":{"rendered":"<p>Mentions l\u00e9gales Pr\u00e9sentation du site internet En vertu de l\u2019article 6 de la loi n\u00b0 2004-575 du 21 juin 2004 pour la confiance dans l\u2019\u00e9conomie num\u00e9rique, il est pr\u00e9cis\u00e9 aux utilisateurs du site internet&nbsp;https:\/\/www.smart-tree.com\/&nbsp;(Ci-apr\u00e8s d\u00e9nomm\u00e9 \u00ab&nbsp;Site&nbsp;\u00bb) l\u2019identit\u00e9 des diff\u00e9rents intervenants dans le cadre de sa r\u00e9alisation et de son suivi : Editeur du site Smart [&hellip;]<\/p>\n","protected":false},"author":1,"featured_media":0,"parent":0,"menu_order":0,"comment_status":"closed","ping_status":"closed","template":"","meta":{"_acf_changed":false,"inline_featured_image":false,"_uag_custom_page_level_css":"","footnotes":""},"class_list":["post-328","page","type-page","status-publish","hentry"],"acf":[],"uagb_featured_image_src":{"full":false,"thumbnail":false,"medium":false,"medium_large":false,"large":false,"1536x1536":false,"2048x2048":false,"trp-custom-language-flag":false,"gform-image-choice-sm":false,"gform-image-choice-md":false,"gform-image-choice-lg":false},"uagb_author_info":{"display_name":"mentalworks","author_link":"https:\/\/smart-tree.com\/en\/author\/mentalworks\/"},"uagb_comment_info":0,"uagb_excerpt":"Mentions l\u00e9gales Pr\u00e9sentation du site internet En vertu de l\u2019article 6 de la loi n\u00b0 2004-575 du 21 juin 2004 pour la confiance dans l\u2019\u00e9conomie num\u00e9rique, il est pr\u00e9cis\u00e9 aux utilisateurs du site internet&nbsp;https:\/\/www.smart-tree.com\/&nbsp;(Ci-apr\u00e8s d\u00e9nomm\u00e9 \u00ab&nbsp;Site&nbsp;\u00bb) l\u2019identit\u00e9 des diff\u00e9rents intervenants dans le cadre de sa r\u00e9alisation et de son suivi : Editeur du site Smart&hellip;","_links":{"self":[{"href":"https:\/\/smart-tree.com\/en\/wp-json\/wp\/v2\/pages\/328","targetHints":{"allow":["GET"]}}],"collection":[{"href":"https:\/\/smart-tree.com\/en\/wp-json\/wp\/v2\/pages"}],"about":[{"href":"https:\/\/smart-tree.com\/en\/wp-json\/wp\/v2\/types\/page"}],"author":[{"embeddable":true,"href":"https:\/\/smart-tree.com\/en\/wp-json\/wp\/v2\/users\/1"}],"replies":[{"embeddable":true,"href":"https:\/\/smart-tree.com\/en\/wp-json\/wp\/v2\/comments?post=328"}],"version-history":[{"count":7,"href":"https:\/\/smart-tree.com\/en\/wp-json\/wp\/v2\/pages\/328\/revisions"}],"predecessor-version":[{"id":498,"href":"https:\/\/smart-tree.com\/en\/wp-json\/wp\/v2\/pages\/328\/revisions\/498"}],"wp:attachment":[{"href":"https:\/\/smart-tree.com\/en\/wp-json\/wp\/v2\/media?parent=328"}],"curies":[{"name":"wp","href":"https:\/\/api.w.org\/{rel}","templated":true}]}}