{"id":330,"date":"2024-11-29T14:53:10","date_gmt":"2024-11-29T14:53:10","guid":{"rendered":"https:\/\/smart-tree.com\/?page_id=330"},"modified":"2024-12-09T09:52:55","modified_gmt":"2024-12-09T09:52:55","slug":"privacy-policy","status":"publish","type":"page","link":"https:\/\/smart-tree.com\/en\/politique-de-confidentialite\/","title":{"rendered":"Privacy policy"},"content":{"rendered":"<div id=\"politique-confidentialite\" class=\"wp-block-uagb-container politique-confidentialite uagb-block-50d312fe alignfull uagb-is-root-container\"><div class=\"uagb-container-inner-blocks-wrap\">\n<div class=\"wp-block-uagb-container uagb-block-77bdd4e9\">\n<div class=\"wp-block-uagb-advanced-heading uagb-block-fff7521a\"><h1 class=\"uagb-heading-text\">Privacy policy<\/h1><\/div>\n\n\n\n<div class=\"wp-block-uagb-advanced-heading uagb-block-c04bff61\"><h2 class=\"uagb-heading-text\"><strong>Who is responsible for processing my personal data here?<\/strong><\/h2><\/div>\n\n\n\n<div class=\"wp-block-uagb-advanced-heading uagb-block-2f779a73\"><p class=\"uagb-heading-text\">smart tree is the publisher of the Website.<\/p><\/div>\n\n\n\n<div class=\"wp-block-uagb-advanced-heading uagb-block-b79a4f4c\"><p class=\"uagb-heading-text\">You can find all our contact details in our legal notice.<\/p><\/div>\n<\/div>\n\n\n\n<div class=\"wp-block-uagb-container uagb-block-acecfd37\">\n<div class=\"wp-block-uagb-advanced-heading uagb-block-027d35e3\"><h2 class=\"uagb-heading-text\"><strong><strong>What processing operations do we carry out?<\/strong><\/strong><\/h2><\/div>\n\n\n\n<div class=\"wp-block-uagb-advanced-heading uagb-block-fb841d1c\"><p class=\"uagb-heading-text\">smart-tree.com is a website accessible from the following address&nbsp;<a href=\"https:\/\/smart-tree.com\/en\/\" data-type=\"link\" data-id=\"https:\/\/www.ccpoh.fr\/\">https:\/\/www.smart-tree.com\/<\/a>&nbsp;(hereinafter referred to as the \"Site\") presenting the Company and enabling you to contact us and request quotes.<\/p><\/div>\n<\/div>\n\n\n\n<div class=\"wp-block-uagb-container uagb-block-90f0aa0e\">\n<div class=\"wp-block-uagb-advanced-heading uagb-block-9cec41c0\"><h2 class=\"uagb-heading-text\"><strong><strong><strong>What personal data do we collect about you and why?<\/strong><\/strong><\/strong><\/h2><\/div>\n\n\n\n<div class=\"wp-block-uagb-advanced-heading uagb-block-759b18e2\"><p class=\"uagb-heading-text\">The personal data collected about you is based on your consent. You may withdraw your consent under the terms of this privacy policy, which you accept when you enter your data.<\/p><\/div>\n\n\n\n<div class=\"wp-block-uagb-advanced-heading uagb-block-4a2604ba\"><p class=\"uagb-heading-text\">We only collect the data required to process your requests for information and quotes. This collection is therefore of a contractual nature. To do this, we generally need your surname, first name, address, telephone number, e-mail address and the description of your request.<\/p><\/div>\n\n\n\n<div class=\"wp-block-uagb-advanced-heading uagb-block-07879219\"><p class=\"uagb-heading-text\">In the forms, the information required to process your registration request is marked with an asterisk.<\/p><\/div>\n\n\n\n<div class=\"wp-block-uagb-advanced-heading uagb-block-71deb93c\"><p class=\"uagb-heading-text\">The Site uses cookies and we do not make any automated decisions.<\/p><\/div>\n\n\n\n<div class=\"wp-block-uagb-advanced-heading uagb-block-2752a585\"><p class=\"uagb-heading-text\">A cookie is a small file stored in your browser for a given period by a website, which is used to return information when you connect to the said site. When you connect to the Site, a window will open asking you whether you accept cookies for measuring the audience of our Site (Google Analytics). You can accept or refuse them without any consequences for your browsing on the Site. Your decision is recorded in a cookie (in the WordPress module) so that you can change your mind at any time. Cookies are kept for a maximum of one year.<\/p><\/div>\n\n\n\n<div class=\"wp-block-uagb-advanced-heading uagb-block-5ce5b8ab\"><p class=\"uagb-heading-text\">We process your personal data lawfully, fairly and transparently. We expect you to do the same by providing us with accurate, truthful and up-to-date information.<\/p><\/div>\n<\/div>\n\n\n\n<div class=\"wp-block-uagb-container uagb-block-a1b14266\">\n<div class=\"wp-block-uagb-advanced-heading uagb-block-f719e363\"><h2 class=\"uagb-heading-text\"><strong><strong><strong><strong>Who do we collect personal data for?<\/strong><\/strong><\/strong><\/strong><\/h2><\/div>\n\n\n\n<div class=\"wp-block-uagb-advanced-heading uagb-block-58d09ced\"><p class=\"uagb-heading-text\">All the information we collect is for our personal use only.<\/p><\/div>\n<\/div>\n\n\n\n<div class=\"wp-block-uagb-container uagb-block-ab8714db\">\n<div class=\"wp-block-uagb-advanced-heading uagb-block-dead62d0\"><h2 class=\"uagb-heading-text\"><strong><strong><strong><strong><strong>How long do we keep your personal data?<\/strong><\/strong><\/strong><\/strong><\/strong><\/h2><\/div>\n\n\n\n<div class=\"wp-block-uagb-advanced-heading uagb-block-843f3826\"><p class=\"uagb-heading-text\">We keep your personal data for up to one year.<\/p><\/div>\n<\/div>\n\n\n\n<div class=\"wp-block-uagb-container uagb-block-1d259cfa\">\n<div class=\"wp-block-uagb-advanced-heading uagb-block-f324c08d\"><h2 class=\"uagb-heading-text\"><strong><strong><strong><strong><strong><strong>What rights do I have over my personal data?<\/strong><\/strong><\/strong><\/strong><\/strong><\/strong><\/h2><\/div>\n\n\n\n<div class=\"wp-block-uagb-advanced-heading uagb-block-542969a6\"><p class=\"uagb-heading-text\">You have a right of access, rectification and portability of the personal data we collect from you.<\/p><\/div>\n\n\n\n<div class=\"wp-block-uagb-advanced-heading uagb-block-734eea82\"><p class=\"uagb-heading-text\">You also have the right to have your data erased, to object and to limit the processing of your data for a legitimate reason.<\/p><\/div>\n\n\n\n<div class=\"wp-block-uagb-advanced-heading uagb-block-056efb1a\"><p class=\"uagb-heading-text\">You also have the right to express instructions on what to do with the personal data we hold after your death, with regard to its retention, deletion and communication. You may express these instructions to us or to a trusted digital third party certified by the CNIL.<\/p><\/div>\n<\/div>\n\n\n\n<div class=\"wp-block-uagb-container uagb-block-32a24fac\">\n<div class=\"wp-block-uagb-advanced-heading uagb-block-9e0a1453\"><h2 class=\"uagb-heading-text\"><strong><strong><strong><strong><strong><strong><strong>Who do I contact about my personal data?<\/strong><\/strong><\/strong><\/strong><\/strong><\/strong><\/strong><\/h2><\/div>\n\n\n\n<div class=\"wp-block-uagb-advanced-heading uagb-block-94ad531d\"><p class=\"uagb-heading-text\">If you wish to exercise your rights or make a complaint about your personal data processed by the Site, you can contact us directly by consulting our\u00a0<a href=\"https:\/\/smart-tree.com\/en\/legal-information\/\" data-type=\"page\" data-id=\"148\">legal notices<\/a>\u00a0with all our contact details.<\/p><\/div>\n\n\n\n<div class=\"wp-block-uagb-advanced-heading uagb-block-77111e96\"><p class=\"uagb-heading-text\">The contact details for our Data Protection Officer are as follows: <br>- By post: 130, rue de la Libert\u00e9 60320 Saint-Sauveur, France<br>- By telephone: 03 44 85 51 00<br>- By e-mail: contact@smart-tree.com<\/p><\/div>\n\n\n\n<div class=\"wp-block-uagb-advanced-heading uagb-block-f837f0f4\"><p class=\"uagb-heading-text\">In all cases, you have the right to lodge a complaint with the CNIL.<\/p><\/div>\n<\/div>\n<\/div><\/div>","protected":false},"excerpt":{"rendered":"<p>Politique de confidentialit\u00e9 Qui est le responsable du traitement de mes donn\u00e9es personnelles ici ? smart tree est l\u2019\u00e9diteur du Site. En consultant nos&nbsp;mentions&nbsp;l\u00e9gales&nbsp;vous retrouverez l\u2019ensemble de nos coordonn\u00e9es. Quels sont les traitements que nous mettons en \u0153uvre ? smart-tree.com est un site Internet accessible depuis l\u2019adresse&nbsp;https:\/\/www.smart-tree.com\/&nbsp;(ci-apr\u00e8s d\u00e9nomm\u00e9 le \u00abSite\u00bb) pr\u00e9sentant la Soci\u00e9t\u00e9 et permettant [&hellip;]<\/p>\n","protected":false},"author":1,"featured_media":0,"parent":0,"menu_order":0,"comment_status":"closed","ping_status":"closed","template":"","meta":{"_acf_changed":false,"inline_featured_image":false,"_uag_custom_page_level_css":"","footnotes":""},"class_list":["post-330","page","type-page","status-publish","hentry"],"acf":[],"uagb_featured_image_src":{"full":false,"thumbnail":false,"medium":false,"medium_large":false,"large":false,"1536x1536":false,"2048x2048":false,"trp-custom-language-flag":false,"gform-image-choice-sm":false,"gform-image-choice-md":false,"gform-image-choice-lg":false},"uagb_author_info":{"display_name":"mentalworks","author_link":"https:\/\/smart-tree.com\/en\/author\/mentalworks\/"},"uagb_comment_info":0,"uagb_excerpt":"Politique de confidentialit\u00e9 Qui est le responsable du traitement de mes donn\u00e9es personnelles ici ? smart tree est l\u2019\u00e9diteur du Site. En consultant nos&nbsp;mentions&nbsp;l\u00e9gales&nbsp;vous retrouverez l\u2019ensemble de nos coordonn\u00e9es. Quels sont les traitements que nous mettons en \u0153uvre ? smart-tree.com est un site Internet accessible depuis l\u2019adresse&nbsp;https:\/\/www.smart-tree.com\/&nbsp;(ci-apr\u00e8s d\u00e9nomm\u00e9 le \u00abSite\u00bb) pr\u00e9sentant la Soci\u00e9t\u00e9 et permettant&hellip;","_links":{"self":[{"href":"https:\/\/smart-tree.com\/en\/wp-json\/wp\/v2\/pages\/330","targetHints":{"allow":["GET"]}}],"collection":[{"href":"https:\/\/smart-tree.com\/en\/wp-json\/wp\/v2\/pages"}],"about":[{"href":"https:\/\/smart-tree.com\/en\/wp-json\/wp\/v2\/types\/page"}],"author":[{"embeddable":true,"href":"https:\/\/smart-tree.com\/en\/wp-json\/wp\/v2\/users\/1"}],"replies":[{"embeddable":true,"href":"https:\/\/smart-tree.com\/en\/wp-json\/wp\/v2\/comments?post=330"}],"version-history":[{"count":4,"href":"https:\/\/smart-tree.com\/en\/wp-json\/wp\/v2\/pages\/330\/revisions"}],"predecessor-version":[{"id":377,"href":"https:\/\/smart-tree.com\/en\/wp-json\/wp\/v2\/pages\/330\/revisions\/377"}],"wp:attachment":[{"href":"https:\/\/smart-tree.com\/en\/wp-json\/wp\/v2\/media?parent=330"}],"curies":[{"name":"wp","href":"https:\/\/api.w.org\/{rel}","templated":true}]}}